{"id":7,"date":"2020-12-17T00:32:18","date_gmt":"2020-12-17T00:32:18","guid":{"rendered":"https:\/\/isabella-pallavicini.com\/\/?page_id=7"},"modified":"2021-12-15T22:22:37","modified_gmt":"2021-12-15T22:22:37","slug":"uber-mich","status":"publish","type":"page","link":"https:\/\/isabella-pallavicini.com\/de\/uber-mich\/","title":{"rendered":"\u00dcber mich"},"content":{"rendered":"\n<figure class=\"wp-block-image size-large is-style-default\"><img loading=\"lazy\" decoding=\"async\" width=\"1024\" height=\"768\" src=\"data:image\/gif;base64,R0lGODlhAQABAAAAACH5BAEKAAEALAAAAAABAAEAAAICTAEAOw==\" alt=\"\" class=\"wp-image-64 lazyload\" sizes=\"auto, (max-width: 1024px) 100vw, 1024px\" data-src=\"https:\/\/isabella-pallavicini.com\/wp-content\/uploads\/2021\/01\/art-lasovsky-8XddFc6NkBY-unsplash-1-1024x768.jpg\" data-srcset=\"https:\/\/isabella-pallavicini.com\/wp-content\/uploads\/2021\/01\/art-lasovsky-8XddFc6NkBY-unsplash-1-1024x768.jpg 1024w, https:\/\/isabella-pallavicini.com\/wp-content\/uploads\/2021\/01\/art-lasovsky-8XddFc6NkBY-unsplash-1-300x225.jpg 300w, https:\/\/isabella-pallavicini.com\/wp-content\/uploads\/2021\/01\/art-lasovsky-8XddFc6NkBY-unsplash-1-768x576.jpg 768w, https:\/\/isabella-pallavicini.com\/wp-content\/uploads\/2021\/01\/art-lasovsky-8XddFc6NkBY-unsplash-1-1536x1152.jpg 1536w, https:\/\/isabella-pallavicini.com\/wp-content\/uploads\/2021\/01\/art-lasovsky-8XddFc6NkBY-unsplash-1.jpg 2048w\"><\/figure>\n\n\n\n<p>Ich bin in der N\u00e4he von Basel, in der Schweiz, aufgewachsen.  <\/p>\n\n\n\n<p>Nach langj\u00e4hriger Lehrt\u00e4tigkeit als Grundschullehrerin bildete ich mich weiter zur Theaterp\u00e4dagogin und M\u00e4rchenerz\u00e4hlerin. Seither schreibe und inszeniere ich Theaterst\u00fccke und leite Workshops &#8220;M\u00e4rchenerz\u00e4hlen&#8221; und &#8220;Kreatives Schreiben&#8221; f\u00fcr Sch\u00fcler.  <\/p>\n\n\n\n<p>Ich lebe mit meiner Familie in London.<\/p>\n\n\n\n<p>&#8220;Der Dolmetscher&#8221; ist mein Deb\u00fctroman. Das Buch ist aus der Idee entstanden, die Kriegserlebnisse meines Vaters zu schildern. Nachdem ich intensiv die historischen Ereignisse der Kriegsjahre 1942\/43 in Italien recherchiert hatte, entschied ich, die Geschichte zu erweitern und die Familie zu erg\u00e4nzen. So entstand ein Roman mit fiktiven Personen und Handlungen, der jedoch die Erlebnisse meines Vaters beinhaltet. <\/p>\n\n\n\n<p>Als Nachkomme einer italienischen Immigrantenfamilie f\u00fchle ich mich dem Land sehr verbunden. Es war mir wichtig, kulturelle Aspekte Italiens in die Geschichte einflie\u00dfen zu lassen. Die Ausz\u00fcge aus Poesie und Musik sollen an das reiche Kulturerbe anbinden. <\/p>\n\n\n\n<p>Viele tausende Soldaten waren zur selben Zeit wie mein Vater in Italien auf der Flucht. <\/p>\n\n\n\n<figure class=\"wp-block-image size-large is-resized\"><img loading=\"lazy\" decoding=\"async\" src=\"data:image\/gif;base64,R0lGODlhAQABAAAAACH5BAEKAAEALAAAAAABAAEAAAICTAEAOw==\" alt=\"\" class=\"wp-image-122 lazyload\" width=\"584\" height=\"466\" sizes=\"auto, (max-width: 584px) 100vw, 584px\" data-src=\"https:\/\/isabella-pallavicini.com\/wp-content\/uploads\/2021\/02\/6BFBD6ED-6BBA-46AD-AB2A-FBB1F254D139_1_201_a-1024x819.jpeg\" data-srcset=\"https:\/\/isabella-pallavicini.com\/wp-content\/uploads\/2021\/02\/6BFBD6ED-6BBA-46AD-AB2A-FBB1F254D139_1_201_a-1024x819.jpeg 1024w, https:\/\/isabella-pallavicini.com\/wp-content\/uploads\/2021\/02\/6BFBD6ED-6BBA-46AD-AB2A-FBB1F254D139_1_201_a-300x240.jpeg 300w, https:\/\/isabella-pallavicini.com\/wp-content\/uploads\/2021\/02\/6BFBD6ED-6BBA-46AD-AB2A-FBB1F254D139_1_201_a-1536x1229.jpeg 1536w\"><\/figure>\n\n\n\n<p>&#8220;Der Dolmetscher&#8221; ist ihnen gewidmet.<\/p>\n\n\n\n<figure class=\"wp-block-image size-large is-resized\"><img loading=\"lazy\" decoding=\"async\" src=\"data:image\/gif;base64,R0lGODlhAQABAAAAACH5BAEKAAEALAAAAAABAAEAAAICTAEAOw==\" alt=\"\" class=\"wp-image-23 lazyload\" width=\"631\" height=\"631\" sizes=\"auto, (max-width: 631px) 100vw, 631px\" data-src=\"https:\/\/isabella-pallavicini.com\/wp-content\/uploads\/2021\/01\/cropped-3152F20D-46A8-45C8-BBE6-C91D877C513F_1_201_a.jpeg\" data-srcset=\"https:\/\/isabella-pallavicini.com\/wp-content\/uploads\/2021\/01\/cropped-3152F20D-46A8-45C8-BBE6-C91D877C513F_1_201_a.jpeg 512w, https:\/\/isabella-pallavicini.com\/wp-content\/uploads\/2021\/01\/cropped-3152F20D-46A8-45C8-BBE6-C91D877C513F_1_201_a-300x300.jpeg 300w, https:\/\/isabella-pallavicini.com\/wp-content\/uploads\/2021\/01\/cropped-3152F20D-46A8-45C8-BBE6-C91D877C513F_1_201_a-150x150.jpeg 150w, https:\/\/isabella-pallavicini.com\/wp-content\/uploads\/2021\/01\/cropped-3152F20D-46A8-45C8-BBE6-C91D877C513F_1_201_a-270x270.jpeg 270w, https:\/\/isabella-pallavicini.com\/wp-content\/uploads\/2021\/01\/cropped-3152F20D-46A8-45C8-BBE6-C91D877C513F_1_201_a-192x192.jpeg 192w, https:\/\/isabella-pallavicini.com\/wp-content\/uploads\/2021\/01\/cropped-3152F20D-46A8-45C8-BBE6-C91D877C513F_1_201_a-180x180.jpeg 180w, https:\/\/isabella-pallavicini.com\/wp-content\/uploads\/2021\/01\/cropped-3152F20D-46A8-45C8-BBE6-C91D877C513F_1_201_a-32x32.jpeg 32w\"><\/figure>\n\n\n\n<p style=\"font-size:1px\">Viele tausende Soldaten waren zur selben Zeit wie mein Vater in Italien auf der Flucht.  &#8220;Der Dolmetscher&#8221; ist ihnen gewidmet. <\/p>\n","protected":false},"excerpt":{"rendered":"<p>Ich bin in der N\u00e4he von Basel, in der Schweiz, aufgewachsen. Nach langj\u00e4hriger Lehrt\u00e4tigkeit als Grundschullehrerin bildete ich mich weiter zur Theaterp\u00e4dagogin und M\u00e4rchenerz\u00e4hlerin. Seither schreibe und inszeniere ich Theaterst\u00fccke und leite Workshops &#8220;M\u00e4rchenerz\u00e4hlen&#8221; und &#8220;Kreatives Schreiben&#8221; f\u00fcr Sch\u00fcler. Ich lebe mit meiner Familie in London. &#8220;Der Dolmetscher&#8221; ist mein Deb\u00fctroman. Das Buch ist aus [&hellip;]<\/p>\n","protected":false},"author":1,"featured_media":14,"parent":0,"menu_order":0,"comment_status":"closed","ping_status":"closed","template":"","meta":{"nf_dc_page":"","om_disable_all_campaigns":false,"_monsterinsights_skip_tracking":false,"_monsterinsights_sitenote_active":false,"_monsterinsights_sitenote_note":"","_monsterinsights_sitenote_category":0,"_genesis_hide_title":false,"_genesis_hide_breadcrumbs":false,"_genesis_hide_singular_image":false,"_genesis_hide_footer_widgets":false,"_genesis_custom_body_class":"","_genesis_custom_post_class":"","_genesis_layout":"","footnotes":""},"class_list":{"0":"post-7","1":"page","2":"type-page","3":"status-publish","4":"has-post-thumbnail","6":"entry"},"_links":{"self":[{"href":"https:\/\/isabella-pallavicini.com\/de\/wp-json\/wp\/v2\/pages\/7","targetHints":{"allow":["GET"]}}],"collection":[{"href":"https:\/\/isabella-pallavicini.com\/de\/wp-json\/wp\/v2\/pages"}],"about":[{"href":"https:\/\/isabella-pallavicini.com\/de\/wp-json\/wp\/v2\/types\/page"}],"author":[{"embeddable":true,"href":"https:\/\/isabella-pallavicini.com\/de\/wp-json\/wp\/v2\/users\/1"}],"replies":[{"embeddable":true,"href":"https:\/\/isabella-pallavicini.com\/de\/wp-json\/wp\/v2\/comments?post=7"}],"version-history":[{"count":0,"href":"https:\/\/isabella-pallavicini.com\/de\/wp-json\/wp\/v2\/pages\/7\/revisions"}],"wp:featuredmedia":[{"embeddable":true,"href":"https:\/\/isabella-pallavicini.com\/de\/wp-json\/wp\/v2\/media\/14"}],"wp:attachment":[{"href":"https:\/\/isabella-pallavicini.com\/de\/wp-json\/wp\/v2\/media?parent=7"}],"curies":[{"name":"wp","href":"https:\/\/api.w.org\/{rel}","templated":true}]}}