{"id":5883,"date":"2025-10-26T11:50:23","date_gmt":"2025-10-26T11:50:23","guid":{"rendered":"https:\/\/isabella-pallavicini.com\/?page_id=5883"},"modified":"2025-10-26T15:20:45","modified_gmt":"2025-10-26T15:20:45","slug":"das-interview","status":"publish","type":"page","link":"https:\/\/isabella-pallavicini.com\/de\/das-interview\/","title":{"rendered":"Das Interview"},"content":{"rendered":"<p><img loading=\"lazy\" decoding=\"async\" class=\"wp-image-628 alignleft lazyload\" src=\"data:image\/gif;base64,R0lGODlhAQABAAAAACH5BAEKAAEALAAAAAABAAEAAAICTAEAOw==\" alt=\"\" width=\"390\" height=\"293\" sizes=\"auto, (max-width: 390px) 100vw, 390px\" data-src=\"https:\/\/isabella-pallavicini.com\/wp-content\/uploads\/2022\/02\/Foto-medium-300x225.jpg\" data-srcset=\"https:\/\/isabella-pallavicini.com\/wp-content\/uploads\/2022\/02\/Foto-medium-300x225.jpg 300w, https:\/\/isabella-pallavicini.com\/wp-content\/uploads\/2022\/02\/Foto-medium.jpg 640w\"><\/p>\n<h2>Interview mit meinem 100-j\u00e4hrigen Vater<\/h2>\n<p data-start=\"150\" data-end=\"962\">Nach vielen Jahren, in denen ich meinen Vater immer wieder nach den Einzelheiten seiner Erlebnisse in Italien w\u00e4hrend des Zweiten Weltkriegs gefragt habe, habe ich noch immer Fragen.<br data-start=\"332\" data-end=\"335\" \/>Um einen lebendigen Bericht seiner Erinnerungen zu bewahren, m\u00f6chte ich unsere Gespr\u00e4che hier teilen. Vielleicht finden Sie sie interessant oder sogar am\u00fcsant.<br data-start=\"494\" data-end=\"497\" \/>Mein Vater ist ein sehr humorvoller Mensch und erinnert sich auch gern an die guten und lustigen Momente. F\u00fcr mich wirkt es so, als w\u00fcrde er heute auf manche frustrierende Erfahrungen \u2013 etwa das Training im Milit\u00e4rlager in Rieti \u2013 mit der Gelassenheit eines Beobachters zur\u00fcckblicken, der \u00fcber die ganze Absurdit\u00e4t des Trainings, die Inkompetenz der Vorgesetzten und die l\u00e4cherlichen Entscheidungen einfach lachen kann.<br data-start=\"916\" data-end=\"919\" \/>Ich w\u00fcnsche Ihnen viel Freude beim Lesen!<\/p>\n<p data-start=\"964\" data-end=\"1121\"><strong data-start=\"964\" data-end=\"1121\">??? Du wurdest zuerst nach Rieti geschickt, um an einem milit\u00e4rischen Training teilzunehmen. Wer war noch dort? Wie war das Training bzw. die Atmosph\u00e4re?<\/strong><\/p>\n<p data-start=\"1123\" data-end=\"1853\">Nun, man muss bedenken, dass alle Soldaten gezwungen waren, am Krieg teilzunehmen, und dass wir alle aus dem Ausland kamen. Wir waren Italiener, die im Ausland in ganz Europa aufgewachsen waren. Einige der Soldaten waren noch nie in Italien gewesen und konnten die Sprache gar nicht sprechen! Wir mussten f\u00fcr sie \u00fcbersetzen. Die Vorgesetzten waren ziemlich frustriert. Au\u00dferdem war das Lager sehr improvisiert. Es befand sich am Rande von Rieti, und es schien, als h\u00e4tte das Milit\u00e4r es in Eile aufgebaut. Wir lebten in Zelten, bekamen ein Gewehr und mussten das Schie\u00dfen \u00fcben. Aber es war sehr chaotisch, da wir alle keine Ahnung vom Milit\u00e4r hatten und eigentlich gar nicht dort sein wollten. Viele verstanden die Befehle nicht.<\/p>\n<p data-start=\"1855\" data-end=\"1930\"><strong data-start=\"1855\" data-end=\"1930\">??? Mussten die anderen Soldaten auch ihr Studium abbrechen, so wie du?<\/strong><\/p>\n<p data-start=\"1932\" data-end=\"2466\">Ja, viele von ihnen \u2013 das trug zur allgemeinen Frustration bei. Ich wollte unbedingt weg, um mein Studium in Deutschland fortzusetzen. Ich erkundigte mich bei der italienischen Botschaft in Berlin, bekam aber die Antwort, dass alle ihr Studium abbrechen m\u00fcssten. Nur Medizinstudenten waren ausgenommen, und auch das nur f\u00fcr ein Semester. Zwischen Februar und April 1942 wurden alle jungen Italiener, die im Ausland lebten, zum Kriegsdienst eingezogen. Es gab keine M\u00f6glichkeit, sich dem zu entziehen, nur weil man im Ausland wohnte.<\/p>\n<p data-start=\"2468\" data-end=\"2497\"><strong data-start=\"2468\" data-end=\"2497\">??? Wie war das Training?<\/strong><\/p>\n<p data-start=\"2499\" data-end=\"2995\">Ein Witz. Beim Appell wurden wir gefragt: \u201eWer kann Klavier spielen?\u201c \u2013 Diejenigen, die sich meldeten, wurden in die K\u00fcche geschickt, um Kartoffeln zu sch\u00e4len! Sp\u00e4ter fragte man uns, wo wir eingesetzt werden wollten. Diejenigen, die in den Norden Italiens wollten, wurden in den S\u00fcden geschickt \u2013 und umgekehrt. F\u00fcr uns alle war nicht entscheidend, zu welcher Einheit wir kamen, sondern wohin wir versetzt wurden. Die meisten von uns hatten irgendwo Verwandte und wollten in ihrer N\u00e4he bleiben.<\/p>\n<p data-start=\"2997\" data-end=\"3032\"><strong data-start=\"2997\" data-end=\"3032\">??? Wo h\u00e4ttest du gern gedient?<\/strong><\/p>\n<p data-start=\"3034\" data-end=\"3224\">Ich wollte im Norden Italiens bleiben, wurde aber nat\u00fcrlich in den S\u00fcden, nach Rom, geschickt. Ich glaube, die Vorgesetzten hatten Angst, ich k\u00f6nnte \u00fcber die Grenze in die Schweiz fliehen!<\/p>\n<p data-start=\"3226\" data-end=\"3341\"><strong data-start=\"3226\" data-end=\"3341\">??? In Rom hast du den Befehl erhalten, nach Lampedusa zu gehen. Kanntest du diese Insel? Was hast du erwartet?<\/strong><\/p>\n<p data-start=\"3343\" data-end=\"4025\">Ich hatte noch nie von Lampedusa geh\u00f6rt. Ein Freund aus dem B\u00fcro des Milit\u00e4rflughafens in Rom erkl\u00e4rte mir, dass dieser Befehl eine Art \u201eDisziplinarversetzung\u201c sei. Lampedusa galt vor dem Krieg als \u201eStrafinsel\u201c f\u00fcr Gegner des faschistischen Regimes. Diese Gegner wurden auf die Insel deportiert und bekamen f\u00fcnf Lire pro Tag. Das war nichts \u2013 sie konnten kaum \u00fcberleben. Vielleicht bekamen sie ein wenig Essen von der kleinen Gemeinde, die dort lebte. Und sie waren v\u00f6llig vom Festland abgeschnitten. Ich wei\u00df nicht, wohin sie sp\u00e4ter gebracht wurden. Als ich auf Lampedusa ankam, traf ich nur Dorfbewohner, Einheimische. Die meisten Menschen auf der Insel waren Milit\u00e4rangeh\u00f6rige.<\/p>\n<p data-start=\"4027\" data-end=\"4116\"><strong data-start=\"4027\" data-end=\"4116\">??? Du hast also keine dieser Gefangenen bzw. Antifaschisten auf Lampedusa getroffen?<\/strong><\/p>\n<p data-start=\"4118\" data-end=\"4951\">Nein. Wir waren auf dem <em data-start=\"4142\" data-end=\"4155\">Albero Sole<\/em> isoliert, wo die Radarstation betrieben wurde. Nur wenn jemand krank wurde oder wir etwas besorgen mussten, fuhren wir ins Dorf. Es gab keine richtige Stra\u00dfe vom Radarst\u00fctzpunkt hinunter zum Hafen \u2013 eher einen Schotterweg. Die Fahrt vom St\u00fctzpunkt ins Dorf dauerte etwa anderthalb Stunden und war sehr holprig. Das setzte den Lastwagen stark zu, sie mussten st\u00e4ndig repariert werden. Einmal fragte ich den Fahrer, ob ich fahren d\u00fcrfe. Ich konnte damals noch nicht fahren und wollte es lernen. Er lie\u00df mich ans Steuer. Es war sehr schwierig, den Lkw um die Schlagl\u00f6cher zu lenken. Nach einer Weile sagte der Fahrer, ich solle wieder \u00fcbernehmen lassen \u2013 aber ich konnte das Lenkrad nicht loslassen! Er lachte und meinte, ich solle es lieber mal mit einem Jeep auf einer glatten Stra\u00dfe versuchen!<\/p>\n<p data-start=\"4953\" data-end=\"5093\"><strong data-start=\"4953\" data-end=\"5093\">??? Du warst Teil der italienischen Armee, hast aber gleichzeitig viel mit den Deutschen als \u00dcbersetzer gearbeitet. War das ein Vorteil?<\/strong><\/p>\n<p data-start=\"5095\" data-end=\"5976\">In Rom war ich beim italienischen Flughafenpersonal eingesetzt. Ich arbeitete mit Italienern und Deutschen zusammen, aber meine Vorgesetzten waren Italiener. Auf der Insel Lampedusa geh\u00f6rte ich zur italienischen Besatzung, lebte und arbeitete jedoch mit den Deutschen. Als die Italiener die Insel verlie\u00dfen, nahmen sie mich nicht mit. Ich blieb zur\u00fcck. In dem Moment dachte ich, das sei ein Nachteil. Sp\u00e4ter aber empfand ich es als Vorteil, weil ich dadurch eine gewisse Unabh\u00e4ngigkeit hatte. Ich hatte meinen Dolmetscherausweis und konnte verschiedene Einrichtungen nutzen \u2013 zum Beispiel in den deutschen oder italienischen Kantinen essen. Ich musste zwar Befehlen folgen, wohin ich gehen sollte, aber sobald ich dort war, f\u00fchlte ich mich recht frei. Ich fand immer irgendwo etwas zu essen! Und ich konnte zu Milit\u00e4rflugpl\u00e4tzen gehen und um einen Platz in einem Flugzeug bitten!<\/p>\n<p data-start=\"5978\" data-end=\"6001\"><strong data-start=\"5978\" data-end=\"5999\">Danke f\u00fcrs Lesen!<\/strong><\/p>\n<p data-start=\"6003\" data-end=\"6464\"><strong data-start=\"6003\" data-end=\"6029\">Aktualisierung (2025):<\/strong><br data-start=\"6029\" data-end=\"6032\" \/>Mit schwerem Herzen m\u00f6chte ich vom Tod meines geliebten Vaters berichten. Er ist am 10. M\u00e4rz 2024 im Alter von 103 Jahren friedlich eingeschlafen.<br data-start=\"6178\" data-end=\"6181\" \/>Ich bin unendlich dankbar f\u00fcr die gemeinsame Zeit und f\u00fcr all die Erinnerungen, die er aus Italien w\u00e4hrend des Zweiten Weltkriegs mit mir geteilt hat. Diese Geschichten sind f\u00fcr mich ein Schatz, und ich werde sie weitererz\u00e4hlen, um sie f\u00fcr kommende Generationen lebendig zu halten.<\/p>\n","protected":false},"excerpt":{"rendered":"<p>Interview mit meinem 100-j\u00e4hrigen Vater Nach vielen Jahren, in denen ich meinen Vater immer wieder nach den Einzelheiten seiner Erlebnisse in Italien w\u00e4hrend des Zweiten Weltkriegs gefragt habe, habe ich noch immer Fragen.Um einen lebendigen Bericht seiner Erinnerungen zu bewahren, m\u00f6chte ich unsere Gespr\u00e4che hier teilen. Vielleicht finden Sie sie interessant oder sogar am\u00fcsant.Mein Vater [&hellip;]<\/p>\n","protected":false},"author":2,"featured_media":0,"parent":0,"menu_order":0,"comment_status":"closed","ping_status":"closed","template":"","meta":{"nf_dc_page":"","om_disable_all_campaigns":false,"_monsterinsights_skip_tracking":false,"_monsterinsights_sitenote_active":false,"_monsterinsights_sitenote_note":"","_monsterinsights_sitenote_category":0,"_genesis_hide_title":false,"_genesis_hide_breadcrumbs":false,"_genesis_hide_singular_image":false,"_genesis_hide_footer_widgets":false,"_genesis_custom_body_class":"","_genesis_custom_post_class":"","_genesis_layout":"","footnotes":""},"class_list":{"0":"post-5883","1":"page","2":"type-page","3":"status-publish","5":"entry"},"_links":{"self":[{"href":"https:\/\/isabella-pallavicini.com\/de\/wp-json\/wp\/v2\/pages\/5883","targetHints":{"allow":["GET"]}}],"collection":[{"href":"https:\/\/isabella-pallavicini.com\/de\/wp-json\/wp\/v2\/pages"}],"about":[{"href":"https:\/\/isabella-pallavicini.com\/de\/wp-json\/wp\/v2\/types\/page"}],"author":[{"embeddable":true,"href":"https:\/\/isabella-pallavicini.com\/de\/wp-json\/wp\/v2\/users\/2"}],"replies":[{"embeddable":true,"href":"https:\/\/isabella-pallavicini.com\/de\/wp-json\/wp\/v2\/comments?post=5883"}],"version-history":[{"count":0,"href":"https:\/\/isabella-pallavicini.com\/de\/wp-json\/wp\/v2\/pages\/5883\/revisions"}],"wp:attachment":[{"href":"https:\/\/isabella-pallavicini.com\/de\/wp-json\/wp\/v2\/media?parent=5883"}],"curies":[{"name":"wp","href":"https:\/\/api.w.org\/{rel}","templated":true}]}}