{"id":550,"date":"2022-02-06T15:17:12","date_gmt":"2022-02-06T15:17:12","guid":{"rendered":"https:\/\/isabella-pallavicini.com\/?page_id=550"},"modified":"2025-10-26T15:40:46","modified_gmt":"2025-10-26T15:40:46","slug":"the-interpreter","status":"publish","type":"page","link":"https:\/\/isabella-pallavicini.com\/de\/the-interpreter\/","title":{"rendered":"The Interpreter"},"content":{"rendered":"<p><img decoding=\"async\" class=\"wp-image-606 alignright lazyload\" src=\"data:image\/gif;base64,R0lGODlhAQABAAAAACH5BAEKAAEALAAAAAABAAEAAAICTAEAOw==\" alt=\"\" width=\"300\" data-src=\"https:\/\/isabella-pallavicini.com\/wp-content\/uploads\/2022\/02\/Book-Cover-The-Interpreter.jpg\"><\/p>\n<h2>Italien im Zweiten Weltkrieg \u2013 von Sizilien und der Mafia bis nach Rom und in den Vatikan &#8211;<\/h2>\n<p data-start=\"137\" data-end=\"448\">Die fesselnde Geschichte eines Jungen, der zwischen zwei Heimatl\u00e4ndern aufw\u00e4chst \u2013 seine Abenteuer als junger Soldat, seine sizilianische Familie und ihre unglaubliche Reise durch das vom Krieg zerrissene Italien.<\/p>\n<p data-start=\"450\" data-end=\"1328\">Enzo ist das Kind einer italienischen Familie, die in die Schweiz ausgewandert ist. Seine Kindheitssommer verbringt er in Sizilien, wo er das dortige Lebensgef\u00fchl in sich aufnimmt und die italienische Vorstellung von Familie lieben lernt. 1942 muss er sein Studium in Deutschland abbrechen, als er nach Italien eingezogen wird, um am Krieg teilzunehmen. Er wird als Dolmetscher in Rom und auf der Insel Lampedusa eingesetzt. Auch seine Cousins werden in den Krieg hineingezogen \u2013 als Kampfpilot, als Priester im Vatikan, der Fl\u00fcchtlingen hilft, und als Partisan. Einer von ihnen fungiert als Vermittler zwischen der Mafia und dem amerikanischen Geheimdienst. Enzo erlebt die Invasion Siziliens durch die amerikanischen und britischen Truppen und beschlie\u00dft, sein Schicksal selbst in die Hand zu nehmen \u2013 eine gef\u00e4hrliche Flucht, die ihn von S\u00fcditalien bis \u00fcber die Alpen f\u00fchrt \u2026<\/p>\n<p data-start=\"1330\" data-end=\"1673\">Mit eindrucksvollen, atmosph\u00e4rischen Bildern schildert dieser Roman das Leben in Sizilien vor dem Zweiten Weltkrieg, bevor Enzo und seine Cousins \u2013 wie unz\u00e4hlige andere ihrer Generation \u2013 in einen schrecklichen Konflikt hineingezogen werden, der nationale Grenzen \u00fcberwindet, ihnen aber nicht die Hoffnung auf Frieden und Freiheit nehmen kann.<\/p>\n<p data-start=\"1675\" data-end=\"1851\"><em data-start=\"1675\" data-end=\"1692\">Der Dolmetscher<\/em> basiert auf wahren Begebenheiten. Isabella Pallavicini erz\u00e4hlt die Geschichte der Kriegserlebnisse ihres Vaters anhand fiktiver Personen, Orte und Handlungen.<\/p>\n<p data-start=\"1853\" data-end=\"1997\"><em data-start=\"1853\" data-end=\"1870\">Der Dolmetscher<\/em> ist im Verlag <strong data-start=\"1885\" data-end=\"1919\">Grosvenor House Publishing Ltd<\/strong> erschienen und bei allen gro\u00dfen Onlineh\u00e4ndlern und Gro\u00dfh\u00e4ndlern erh\u00e4ltlich.<\/p>\n<p data-start=\"1999\" data-end=\"2071\">amazon.de \/ amazon.com \/ Thalia \/ Orell F\u00fcssli \/ Hugendubel \/ Weltbild \u2026<\/p>\n<p style=\"text-align: center;\"><img loading=\"lazy\" decoding=\"async\" class=\"aligncenter size-medium wp-image-542 lazyload\" src=\"data:image\/gif;base64,R0lGODlhAQABAAAAACH5BAEKAAEALAAAAAABAAEAAAICTAEAOw==\" alt=\"\" width=\"1\" height=\"1\" data-src=\"https:\/\/isabella-pallavicini.com\/wp-content\/uploads\/2022\/01\/Book-cover-front-1.jpg\"><\/p>\n","protected":false},"excerpt":{"rendered":"<p>Italien im Zweiten Weltkrieg \u2013 von Sizilien und der Mafia bis nach Rom und in den Vatikan &#8211; Die fesselnde Geschichte eines Jungen, der zwischen zwei Heimatl\u00e4ndern aufw\u00e4chst \u2013 seine Abenteuer als junger Soldat, seine sizilianische Familie und ihre unglaubliche Reise durch das vom Krieg zerrissene Italien. Enzo ist das Kind einer italienischen Familie, die [&hellip;]<\/p>\n","protected":false},"author":1,"featured_media":0,"parent":0,"menu_order":0,"comment_status":"closed","ping_status":"closed","template":"","meta":{"nf_dc_page":"","om_disable_all_campaigns":false,"_monsterinsights_skip_tracking":false,"_monsterinsights_sitenote_active":false,"_monsterinsights_sitenote_note":"","_monsterinsights_sitenote_category":0,"_genesis_hide_title":false,"_genesis_hide_breadcrumbs":false,"_genesis_hide_singular_image":false,"_genesis_hide_footer_widgets":false,"_genesis_custom_body_class":"","_genesis_custom_post_class":"","_genesis_layout":"","footnotes":""},"class_list":{"0":"post-550","1":"page","2":"type-page","3":"status-publish","5":"entry"},"_links":{"self":[{"href":"https:\/\/isabella-pallavicini.com\/de\/wp-json\/wp\/v2\/pages\/550","targetHints":{"allow":["GET"]}}],"collection":[{"href":"https:\/\/isabella-pallavicini.com\/de\/wp-json\/wp\/v2\/pages"}],"about":[{"href":"https:\/\/isabella-pallavicini.com\/de\/wp-json\/wp\/v2\/types\/page"}],"author":[{"embeddable":true,"href":"https:\/\/isabella-pallavicini.com\/de\/wp-json\/wp\/v2\/users\/1"}],"replies":[{"embeddable":true,"href":"https:\/\/isabella-pallavicini.com\/de\/wp-json\/wp\/v2\/comments?post=550"}],"version-history":[{"count":0,"href":"https:\/\/isabella-pallavicini.com\/de\/wp-json\/wp\/v2\/pages\/550\/revisions"}],"wp:attachment":[{"href":"https:\/\/isabella-pallavicini.com\/de\/wp-json\/wp\/v2\/media?parent=550"}],"curies":[{"name":"wp","href":"https:\/\/api.w.org\/{rel}","templated":true}]}}